{"id":17251,"date":"2023-11-16T14:14:53","date_gmt":"2023-11-16T14:14:53","guid":{"rendered":"https:\/\/www.almaconsciente.es\/?post_type=product&#038;p=17251"},"modified":"2024-08-09T22:22:03","modified_gmt":"2024-08-09T22:22:03","slug":"taller-supera-tu-adiccion-a-las-nuevas-tecnologias","status":"publish","type":"product","link":"https:\/\/www.almaconsciente.es\/index.php\/producto\/taller-supera-tu-adiccion-a-las-nuevas-tecnologias\/","title":{"rendered":"Taller supera tu adicci\u00f3n a las nuevas tecnolog\u00edas"},"content":{"rendered":"<p>Taller te\u00f3rico experiencial impartido por Pedro Casta\u00f1o, donde conocer\u00e1s las claves para detectar la adicci\u00f3n y c\u00f3mo solar de ella.<\/p>\n<p>El 24\u00a0 de Noviembre a las 11.00 en el Institut de Salut Hol\u00edsitca<\/p>\n<p>C\/, Par\u00eds, 164, 1 Barcelona<\/p>\n","protected":false},"excerpt":{"rendered":"<p>Taller te\u00f3rico experiencial impartido por Pedro Casta\u00f1o, donde conocer\u00e1s las claves para detectar la adicci\u00f3n y c\u00f3mo solar de ella.<\/p>\n<p>El 24\u00a0 de Noviembre a las 11.00 en el Institut de Salut Hol\u00edsitca<\/p>\n<p>C\/, Par\u00eds, 164, 1 Barcelona<\/p>\n","protected":false},"featured_media":17252,"comment_status":"open","ping_status":"closed","template":"","meta":[],"product_brand":[],"product_cat":[74],"product_tag":[],"class_list":{"0":"post-17251","1":"product","2":"type-product","3":"status-publish","4":"has-post-thumbnail","6":"product_cat-talleres","8":"first","9":"instock","10":"virtual","11":"taxable","12":"product-type-simple"},"_links":{"self":[{"href":"https:\/\/www.almaconsciente.es\/index.php\/wp-json\/wp\/v2\/product\/17251","targetHints":{"allow":["GET"]}}],"collection":[{"href":"https:\/\/www.almaconsciente.es\/index.php\/wp-json\/wp\/v2\/product"}],"about":[{"href":"https:\/\/www.almaconsciente.es\/index.php\/wp-json\/wp\/v2\/types\/product"}],"replies":[{"embeddable":true,"href":"https:\/\/www.almaconsciente.es\/index.php\/wp-json\/wp\/v2\/comments?post=17251"}],"version-history":[{"count":1,"href":"https:\/\/www.almaconsciente.es\/index.php\/wp-json\/wp\/v2\/product\/17251\/revisions"}],"predecessor-version":[{"id":17253,"href":"https:\/\/www.almaconsciente.es\/index.php\/wp-json\/wp\/v2\/product\/17251\/revisions\/17253"}],"wp:featuredmedia":[{"embeddable":true,"href":"https:\/\/www.almaconsciente.es\/index.php\/wp-json\/wp\/v2\/media\/17252"}],"wp:attachment":[{"href":"https:\/\/www.almaconsciente.es\/index.php\/wp-json\/wp\/v2\/media?parent=17251"}],"wp:term":[{"taxonomy":"product_brand","embeddable":true,"href":"https:\/\/www.almaconsciente.es\/index.php\/wp-json\/wp\/v2\/product_brand?post=17251"},{"taxonomy":"product_cat","embeddable":true,"href":"https:\/\/www.almaconsciente.es\/index.php\/wp-json\/wp\/v2\/product_cat?post=17251"},{"taxonomy":"product_tag","embeddable":true,"href":"https:\/\/www.almaconsciente.es\/index.php\/wp-json\/wp\/v2\/product_tag?post=17251"}],"curies":[{"name":"wp","href":"https:\/\/api.w.org\/{rel}","templated":true}]}}